{"id":71,"date":"2020-02-18T09:02:46","date_gmt":"2020-02-18T09:02:46","guid":{"rendered":"http:\/\/opentech.al\/?page_id=71"},"modified":"2024-07-23T09:52:49","modified_gmt":"2024-07-23T08:52:49","slug":"partneret","status":"publish","type":"page","link":"https:\/\/opentech.al\/en\/home\/partneret\/","title":{"rendered":"Partner\u00ebt"},"content":{"rendered":"\n<p style=\"color:#ec7423;font-size:30px\" class=\"has-text-color\"><strong>Partner\u00ebt<\/strong><\/p>\n\n\n\n<div class=\"wp-block-image\"><figure class=\"alignleft size-large is-resized\"><a href=\"https:\/\/www.area.it\/\" target=\"_blank\" rel=\"noreferrer noopener\"><img decoding=\"async\" src=\"http:\/\/opentech.al\/wp-content\/uploads\/2019\/11\/AREA-3.png\" alt=\"\" class=\"wp-image-131\" width=\"117\" height=\"123\"\/><\/a><\/figure><\/div>\n\n\n\n<p style=\"color:#495868\" class=\"has-text-color has-medium-font-size\">Nga 1996, AREA ka ndjekur vazhdimisht linj\u00ebn e teknologjis\u00eb s\u00eb p\u00ebrparuar dhe p\u00ebrsosm\u00ebris\u00eb cil\u00ebsore n\u00eb sektorin e LI. Si operatori i par\u00eb n\u00eb Itali q\u00eb prezantoi nj\u00eb sistem regjistrimi dixhital me shum\u00eb kanale audio bazuar n\u00eb komponent\u00ebt standard\u00eb t\u00eb tregut dhe paraqet akses total p\u00ebrmes rrjeteve IP, kompania tani \u00ebsht\u00eb udh\u00ebheq\u00ebsi komb\u00ebtar n\u00eb k\u00ebt\u00eb sektor, me mbi 300 instalime t\u00eb sistemit t\u00eb vet MCR rreth bot\u00ebs.<br><br><br><\/p>\n\n\n\n<div class=\"wp-block-image\"><figure class=\"alignleft size-large is-resized\"><a href=\"https:\/\/www.acustek.com\/en\/\" target=\"_blank\" rel=\"noreferrer noopener\"><img decoding=\"async\" src=\"http:\/\/opentech.al\/wp-content\/uploads\/2019\/11\/ACUSTEK-2.jpg\" alt=\"\" class=\"wp-image-141\" width=\"117\" height=\"348\"\/><\/a><\/figure><\/div>\n\n\n\n<p style=\"color:#495868\" class=\"has-text-color has-medium-font-size\"> Acustek siguron mbik\u00ebqyrje teknike unike dhe profesionale, zgjidhje kund\u00ebr-mat\u00ebse dhe zgjidhje audio-mjeko-ligjore. Zgjidhjet tona t\u00eb Nj\u00ebsis\u00eb s\u00eb Mbik\u00ebqyrjes Teknike (TSU), p\u00ebrdoren kryesisht nga                                                        organizatat e siguris\u00eb, policia, ekipet SWAT, laborator\u00ebt audio-forenzik\u00eb, agjensit\u00eb e zbatimit t\u00eb ligjit dhe komuniteti i inteligjenc\u00ebs.<br><br><\/p>\n\n\n\n<div class=\"wp-block-image\"><figure class=\"alignleft size-large is-resized\"><a href=\"http:\/\/www.digiscan-labs.com\/\" target=\"_blank\" rel=\"noreferrer noopener\"><img decoding=\"async\" src=\"http:\/\/opentech.al\/wp-content\/uploads\/2019\/11\/DIGISCAN-3.png\" alt=\"\" class=\"wp-image-134\" width=\"117\" height=\"123\"\/><\/a><\/figure><\/div>\n\n\n\n<p style=\"color:#495868\" class=\"has-text-color has-medium-font-size\">DigiScan \u00ebsht\u00eb nj\u00eb asistent shum\u00eb i mir\u00eb p\u00ebr t\u00eb gjith\u00eb specialist\u00ebt TSCM, mbrojtjen profesionale t\u00eb privat\u00ebsis\u00eb dhe p\u00ebr gjith\u00eb kujdesin e treguar p\u00ebr sigurin\u00eb e informacionit. Me ne ju mund t\u00eb ndani sekretet tuaja p\u00ebr t\u2019i ruajtur ato n\u00eb mbrojtjen e DigiScan Labs.<\/p>\n\n\n\n<div class=\"wp-block-image\"><figure class=\"alignleft size-large is-resized\"><a href=\"https:\/\/www.endoacustica.com\/about_us_en.htm\" target=\"_blank\" rel=\"noreferrer noopener\"><img loading=\"lazy\" decoding=\"async\" src=\"http:\/\/opentech.al\/wp-content\/uploads\/2019\/11\/ENDOACUSTICA1-1.png\" alt=\"\" class=\"wp-image-135\" width=\"117\" height=\"123\"\/><\/a><\/figure><\/div>\n\n\n\n<p style=\"color:#495868\" class=\"has-text-color has-medium-font-size\"><br><br>Endoacustica n\u00eb nj\u00eb koh\u00eb t\u00eb shkurt\u00ebr \u00ebsht\u00eb b\u00ebr\u00eb sinonim i prodhimit dhe shitjes t\u00eb&nbsp; paisjeve t\u00eb teknologjis\u00eb s\u00eb lart\u00eb hi-tech, drejtues i sistemeve t\u00eb mbikqyrjes , p\u00ebr p\u00ebrdorues profesional\u00eb dhe amator\u00eb. <br><br><br><\/p>\n\n\n\n<div class=\"wp-block-image\"><figure class=\"alignleft size-large is-resized\"><a href=\"https:\/\/www.nagraaudio.com\/history\/\" target=\"_blank\" rel=\"noreferrer noopener\"><img loading=\"lazy\" decoding=\"async\" src=\"http:\/\/opentech.al\/wp-content\/uploads\/2019\/11\/NAGRA-1.png\" alt=\"\" class=\"wp-image-139\" width=\"117\" height=\"160\"\/><\/a><\/figure><\/div>\n\n\n\n<p style=\"color:#495868\" class=\"has-text-color has-medium-font-size\">Audio Technology Switzerland \u00ebsht\u00eb krijuar n\u00eb 2012 nga nj\u00eb ndarje nga Audio nga grupi Kudeski. An\u00ebtar\u00ebt e familjes Kudelski jan\u00eb aksioner\u00ebt kryesor\u00eb t\u00eb k\u00ebtij entiteti t\u00eb ri.&nbsp; Audio Technology Switzerland SA \u00ebsht\u00eb prezent n\u00eb tre sektor\u00eb: n\u00eb pajisjet HI-FI, regjistrues profesional\u00eb audio dhe p\u00ebr paisje t\u00eb destinuara p\u00ebr siguri dhe agjenci ligj zbatuese. <br><\/p>\n\n\n\n<div class=\"wp-block-image\"><figure class=\"alignleft size-large is-resized\"><a href=\"https:\/\/pro4sec.com\/\" target=\"_blank\" rel=\"noreferrer noopener\"><img loading=\"lazy\" decoding=\"async\" src=\"http:\/\/opentech.al\/wp-content\/uploads\/2019\/11\/PRO4SEC-1.png\" alt=\"\" class=\"wp-image-137\" width=\"117\" height=\"123\"\/><\/a><\/figure><\/div>\n\n\n\n<p style=\"color:#495868\" class=\"has-text-color has-medium-font-size\">PRO4SEC&nbsp; \u00ebsht\u00eb nj\u00eb nga markat m\u00eb t\u00eb njohura n\u00eb tregun e siguris\u00eb s\u00eb lart\u00eb. Kjo nuk do t\u00eb ishte e mundur pa pajisjet elektronike dhe inxhinier\u00ebt software-ik m\u00eb t\u00eb mir\u00eb. <\/p>\n\n\n\n<div class=\"wp-block-image\"><figure class=\"alignleft size-large is-resized\"><a href=\"https:\/\/reiusa.net\/\" target=\"_blank\" rel=\"noreferrer noopener\"><img loading=\"lazy\" decoding=\"async\" src=\"http:\/\/opentech.al\/wp-content\/uploads\/2019\/11\/REI-1.png\" alt=\"\" class=\"wp-image-138\" width=\"117\" height=\"123\"\/><\/a><\/figure><\/div>\n\n\n\n<p style=\"color:#495868\" class=\"has-text-color has-medium-font-size\"><br>REI \u00ebsht\u00eb i specializuar n\u00eb projektimin dhe prodhimin e pajisjeve elektronike t\u00eb prov\u00ebs p\u00ebr aplikacionet e siguris\u00eb. Kompania \u00ebsht\u00eb themeluar n\u00eb vitin 1983 n\u00eb Cookeville, Tenesi, Sh.B.A.. Konsumator\u00ebt e REI-t p\u00ebrfshijn\u00eb agjencit\u00eb qeveritare, organizatat e zbatimit t\u00eb ligjit, personelin e siguris\u00eb s\u00eb korporatave dhe profesionist\u00ebt e TSCM n\u00eb t\u00eb gjith\u00eb bot\u00ebn q\u00eb kan\u00eb nj\u00eb nevoj\u00eb dhe p\u00ebrgjegj\u00ebsi p\u00ebr t\u00eb mbrojtur informacionin e ndjesh\u00ebm.<br><br><\/p>\n\n\n\n<div class=\"wp-block-image\"><figure class=\"alignleft size-large is-resized\"><a href=\"http:\/\/www.global-security.org\/en\/\" target=\"_blank\" rel=\"noreferrer noopener\"><img decoding=\"async\" src=\"http:\/\/opentech.al\/wp-content\/uploads\/2020\/02\/gl2-2.png\" alt=\"\" class=\"wp-image-327\" width=\"117\"\/><\/figure><\/div>\n\n\n\n<p style=\"color:#495868\" class=\"has-text-color has-medium-font-size\">Global Security, Academy and Consultants \u00ebsht\u00eb nj\u00eb nd\u00ebrmarrje private. Ajo u themelua n\u00eb fund t\u00eb viteve 1980 nga nj\u00eb grup ekspert\u00ebsh shum\u00eb ambicioz\u00eb n\u00eb fush\u00ebn e telekomunikacionit, shkencave kompjuterike   dhe kund\u00ebr-mbik\u00ebqyrjes n\u00ebn administrimin tregtar t\u00eb nj\u00eb menaxhimi profesional.<\/p>\n\n\n\n<p><\/p>\n\n\n\n<div class=\"wp-block-image\"><figure class=\"alignleft size-large is-resized\"><a href=\"https:\/\/secuprogov.com\/secupro-government\/\" target=\"_blank\" rel=\"noreferrer noopener\"><img loading=\"lazy\" decoding=\"async\" src=\"http:\/\/opentech.al\/wp-content\/uploads\/2020\/02\/secupro-4.png\" alt=\"\" class=\"wp-image-326\" width=\"117\" height=\"160\"\/><\/figure><\/div>\n\n\n\n<p style=\"color:#495868\" class=\"has-text-color has-medium-font-size\">Secupro ka ekspertiz\u00eb n\u00eb ndjekjen dhe monitorimin e niveleve t\u00eb larta, trajnimet audio, dhe video, instalimet, dhe teknikat e v\u00ebzhgimit dhe zgjidhjet shkat\u00ebrruese dhe jo destruktive t\u00eb operacioneve t\u00eb fshehta dhe \u00ebsht\u00eb e specializuar n\u00eb trajnime t\u00eb bazuara n\u00eb projekt. Secupro Hollanda filloi tregtimin n\u00eb vitin 2001 me trajnime dhe shitje t\u00eb pajisjeve p\u00ebr hapjen e dyerve.<br><br><br><br><\/p>\n\n\n\n<p><\/p>\n\n\n\n<p style=\"color:#495868\" class=\"has-text-color has-medium-font-size\"> P\u00ebr m\u00eb shum\u00eb informacion rreth partner\u00ebve na kontaktoni n\u00eb <a href=\"mailto:info@opentech.al\">info(at)opentech.al.<\/a> <\/p>\n","protected":false},"excerpt":{"rendered":"<p>Partner\u00ebt Nga 1996, AREA ka ndjekur vazhdimisht linj\u00ebn e teknologjis\u00eb s\u00eb p\u00ebrparuar dhe p\u00ebrsosm\u00ebris\u00eb cil\u00ebsore n\u00eb sektorin e LI. Si operatori i\u2026<\/p>\n","protected":false},"author":1,"featured_media":0,"parent":0,"menu_order":0,"comment_status":"closed","ping_status":"closed","template":"","meta":{"_uag_custom_page_level_css":"","footnotes":""},"class_list":["post-71","page","type-page","status-publish","hentry"],"uagb_featured_image_src":{"full":false,"thumbnail":false,"medium":false,"medium_large":false,"large":false,"1536x1536":false,"2048x2048":false,"hero-thumb":false,"card-thumb":false},"uagb_author_info":{"display_name":"opentech","author_link":"https:\/\/opentech.al\/en\/home\/author\/opentech\/"},"uagb_comment_info":0,"uagb_excerpt":"Partner\u00ebt Nga 1996, AREA ka ndjekur vazhdimisht linj\u00ebn e teknologjis\u00eb s\u00eb p\u00ebrparuar dhe p\u00ebrsosm\u00ebris\u00eb cil\u00ebsore n\u00eb sektorin e LI. Si operatori i\u2026","_links":{"self":[{"href":"https:\/\/opentech.al\/en\/home\/wp-json\/wp\/v2\/pages\/71","targetHints":{"allow":["GET"]}}],"collection":[{"href":"https:\/\/opentech.al\/en\/home\/wp-json\/wp\/v2\/pages"}],"about":[{"href":"https:\/\/opentech.al\/en\/home\/wp-json\/wp\/v2\/types\/page"}],"author":[{"embeddable":true,"href":"https:\/\/opentech.al\/en\/home\/wp-json\/wp\/v2\/users\/1"}],"replies":[{"embeddable":true,"href":"https:\/\/opentech.al\/en\/home\/wp-json\/wp\/v2\/comments?post=71"}],"version-history":[{"count":5,"href":"https:\/\/opentech.al\/en\/home\/wp-json\/wp\/v2\/pages\/71\/revisions"}],"predecessor-version":[{"id":215,"href":"https:\/\/opentech.al\/en\/home\/wp-json\/wp\/v2\/pages\/71\/revisions\/215"}],"wp:attachment":[{"href":"https:\/\/opentech.al\/en\/home\/wp-json\/wp\/v2\/media?parent=71"}],"curies":[{"name":"wp","href":"https:\/\/api.w.org\/{rel}","templated":true}]}}